{"id":4805,"date":"2016-01-21T01:30:26","date_gmt":"2016-01-20T23:30:26","guid":{"rendered":"http:\/\/www.comicdom-con.gr\/en\/?page_id=4805"},"modified":"2016-01-21T16:02:44","modified_gmt":"2016-01-21T14:02:44","slug":"comicdom-con-athens-2014","status":"publish","type":"page","link":"https:\/\/www.comicdom-con.gr\/en\/about\/history\/comicdom-con-athens-2014\/","title":{"rendered":"Comicdom Con Athens 2014"},"content":{"rendered":"<p>Comics are considered the 9th Art, and as this was, in fact, our 9th event, we had to have the number \u201cnine\u201d as our unofficial theme for that year.<\/p>\n<p>International guests of Comicdom Con Athens 2014 included acclaimed Spanish writer Enrique S\u00e1nchez Abul\u00ed, co-creator of the popular TORPEDO 1936, Eisner Award-winning British artist Glenn Fabry, well-known for his legendary covers for titles such as HELLBLAZER and PREACHER, rising Italian artist Emanuela Lupacchino, known for her work on many titles for big American publishers, French comics creator P\u00e9n\u00e9lope Bagieu, whose comic (JOSEPHINE) recently got adapted for the silver screen, talented Irish creator Stephen Mooney (in collaboration with the Embassy of Ireland), Norwegian cartoonist Martin Ernstsen (in collaboration with the Embassy of Norway), and Hungarian animator and comics creator, Zolt\u00e1n Fritz.<\/p>\n<p>In honor of the 9th Art, our main exhibition was titled Celebrating 9th Art, in which original pages, comics, graphic novels and illustrations were presented, underlining the universal appeal of our favorite artform. A major part of the exhibits was presented in our country for the first time, while the exhibition was also sanctioned by the Greek National Committee for Unesco.<\/p>\n<p>Among the highlights of the three-day event, were the first admission-free screening of epic fantasy film THE DRAGONPHOENIX CHRONICLES: INDOMITABLE, based on the popular Yannis Rubulias comic series by the same name, the \u201cMarvel Vs DC\u201d panel, which connected all the superhero geeks by&#8230; dividing them, the \u201cRecreating The All-Time Best Comic Covers\u201d sketch event , with ten great illustrators from both the greek and international scene, drawing live for the audience, and of course, our super-popular Comicdom Cosplay contest, which not only gave the word \u201chavoc\u201d a whole new meaning, but also gave the winner a ticket to the EuroCosplay Championships!<\/p>\n<p>Just like every year, our program included workshops presented by both international guests and Greek professionals, panels, animation screenings for young and old alike, and of course, the Comicdom Awards, at their last year of conduct (for a good cause, which would be revealed during the 10th, anniversary event).<\/p>\n<ul>\n<li><strong>Date: 4, 5 &amp; 6 of April<\/strong><\/li>\n<li><strong>International Guests: Enrique S\u00e1nchez Abul\u00ed (TORPEDO 1936), Glenn Fabry (HELLBLAZER, PREACHER), Emanuela Lupacchino (\u03a7-FACTOR), P\u00e9n\u00e9lope Bagieu (JOSEPHINE), Stephen Mooney (HALF PAST DANGER), Martin Ernstsen (SYKLUS), Zolt\u00e1n Fritz (A HAUNTING SPIRIT).<\/strong><\/li>\n<li><strong>George Kambadais illustrated the official poster<\/strong><\/li>\n<li><strong>Emanuela Lupacchino illustrated the catalog cover<\/strong><\/li>\n<li><strong>See the results of this year&#8217;s Comicdom Awards <a href=\"http:\/\/www.comicdom.gr\/2014\/04\/07\/comicdom-awards-2014-%CE%BF%CE%B9-%CE%BD%CE%B9%CE%BA%CE%B7%CF%84%CE%AD%CF%82\/\" target=\"_blank\">here<\/a><\/strong><\/li>\n<\/ul>\n","protected":false},"excerpt":{"rendered":"<p>Comics are considered the 9th Art, and as this was, in fact, our 9th event, we had to have the number \u201cnine\u201d as our unofficial theme for that year. International guests of Comicdom Con Athens 2014 included acclaimed Spanish writer Enrique S\u00e1nchez Abul\u00ed, co-creator of the popular TORPEDO 1936, Eisner Award-winning British artist Glenn Fabry, [&hellip;]<\/p>\n","protected":false},"author":3,"featured_media":0,"parent":17,"menu_order":9,"comment_status":"closed","ping_status":"closed","template":"","meta":{"_acf_changed":false,"footnotes":""},"class_list":["post-4805","page","type-page","status-publish","hentry"],"acf":[],"yoast_head":"<!-- This site is optimized with the Yoast SEO plugin v27.5 - https:\/\/yoast.com\/product\/yoast-seo-wordpress\/ -->\n<title>Comicdom Con Athens 2014 - Comicdom Con Athens<\/title>\n<meta name=\"robots\" content=\"index, follow, max-snippet:-1, max-image-preview:large, max-video-preview:-1\" \/>\n<link rel=\"canonical\" href=\"https:\/\/www.comicdom-con.gr\/en\/about\/history\/comicdom-con-athens-2014\/\" \/>\n<meta property=\"og:locale\" content=\"en_US\" \/>\n<meta property=\"og:type\" content=\"article\" \/>\n<meta property=\"og:title\" content=\"Comicdom Con Athens 2014 - Comicdom Con Athens\" \/>\n<meta property=\"og:description\" content=\"Comics are considered the 9th Art, and as this was, in fact, our 9th event, we had to have the number \u201cnine\u201d as our unofficial theme for that year. International guests of Comicdom Con Athens 2014 included acclaimed Spanish writer Enrique S\u00e1nchez Abul\u00ed, co-creator of the popular TORPEDO 1936, Eisner Award-winning British artist Glenn Fabry, [&hellip;]\" \/>\n<meta property=\"og:url\" content=\"https:\/\/www.comicdom-con.gr\/en\/about\/history\/comicdom-con-athens-2014\/\" \/>\n<meta property=\"og:site_name\" content=\"Comicdom Con Athens\" \/>\n<meta property=\"article:publisher\" content=\"https:\/\/www.facebook.com\/Comicdom\/\" \/>\n<meta property=\"article:modified_time\" content=\"2016-01-21T14:02:44+00:00\" \/>\n<meta property=\"og:image\" content=\"https:\/\/www.comicdom-con.gr\/en\/wp-content\/uploads\/2016\/04\/logo_comicdom_con_fb_og.png\" \/>\n\t<meta property=\"og:image:width\" content=\"320\" \/>\n\t<meta property=\"og:image:height\" content=\"320\" \/>\n\t<meta property=\"og:image:type\" content=\"image\/png\" \/>\n<meta name=\"twitter:card\" content=\"summary_large_image\" \/>\n<meta name=\"twitter:site\" content=\"@comicdom\" \/>\n<meta name=\"twitter:label1\" content=\"Est. reading time\" \/>\n\t<meta name=\"twitter:data1\" content=\"2 minutes\" \/>\n<script type=\"application\/ld+json\" class=\"yoast-schema-graph\">{\"@context\":\"https:\\\/\\\/schema.org\",\"@graph\":[{\"@type\":\"WebPage\",\"@id\":\"https:\\\/\\\/www.comicdom-con.gr\\\/en\\\/about\\\/history\\\/comicdom-con-athens-2014\\\/\",\"url\":\"https:\\\/\\\/www.comicdom-con.gr\\\/en\\\/about\\\/history\\\/comicdom-con-athens-2014\\\/\",\"name\":\"Comicdom Con Athens 2014 - Comicdom Con Athens\",\"isPartOf\":{\"@id\":\"https:\\\/\\\/www.comicdom-con.gr\\\/en\\\/#website\"},\"datePublished\":\"2016-01-20T23:30:26+00:00\",\"dateModified\":\"2016-01-21T14:02:44+00:00\",\"breadcrumb\":{\"@id\":\"https:\\\/\\\/www.comicdom-con.gr\\\/en\\\/about\\\/history\\\/comicdom-con-athens-2014\\\/#breadcrumb\"},\"inLanguage\":\"en-US\",\"potentialAction\":[{\"@type\":\"ReadAction\",\"target\":[\"https:\\\/\\\/www.comicdom-con.gr\\\/en\\\/about\\\/history\\\/comicdom-con-athens-2014\\\/\"]}]},{\"@type\":\"BreadcrumbList\",\"@id\":\"https:\\\/\\\/www.comicdom-con.gr\\\/en\\\/about\\\/history\\\/comicdom-con-athens-2014\\\/#breadcrumb\",\"itemListElement\":[{\"@type\":\"ListItem\",\"position\":1,\"name\":\"Home\",\"item\":\"https:\\\/\\\/www.comicdom-con.gr\\\/en\\\/\"},{\"@type\":\"ListItem\",\"position\":2,\"name\":\"About us\",\"item\":\"https:\\\/\\\/www.comicdom-con.gr\\\/en\\\/about\\\/\"},{\"@type\":\"ListItem\",\"position\":3,\"name\":\"History\",\"item\":\"https:\\\/\\\/www.comicdom-con.gr\\\/en\\\/about\\\/history\\\/\"},{\"@type\":\"ListItem\",\"position\":4,\"name\":\"Comicdom Con Athens 2014\"}]},{\"@type\":\"WebSite\",\"@id\":\"https:\\\/\\\/www.comicdom-con.gr\\\/en\\\/#website\",\"url\":\"https:\\\/\\\/www.comicdom-con.gr\\\/en\\\/\",\"name\":\"Comicdom Con Athens\",\"description\":\"A Comics Convention in Athens, Greece!\",\"publisher\":{\"@id\":\"https:\\\/\\\/www.comicdom-con.gr\\\/en\\\/#organization\"},\"potentialAction\":[{\"@type\":\"SearchAction\",\"target\":{\"@type\":\"EntryPoint\",\"urlTemplate\":\"https:\\\/\\\/www.comicdom-con.gr\\\/en\\\/?s={search_term_string}\"},\"query-input\":{\"@type\":\"PropertyValueSpecification\",\"valueRequired\":true,\"valueName\":\"search_term_string\"}}],\"inLanguage\":\"en-US\"},{\"@type\":\"Organization\",\"@id\":\"https:\\\/\\\/www.comicdom-con.gr\\\/en\\\/#organization\",\"name\":\"Comicdom Con Athens\",\"url\":\"https:\\\/\\\/www.comicdom-con.gr\\\/en\\\/\",\"logo\":{\"@type\":\"ImageObject\",\"inLanguage\":\"en-US\",\"@id\":\"https:\\\/\\\/www.comicdom-con.gr\\\/en\\\/#\\\/schema\\\/logo\\\/image\\\/\",\"url\":\"https:\\\/\\\/www.comicdom-con.gr\\\/en\\\/wp-content\\\/uploads\\\/2016\\\/04\\\/logo_comicdom_con_fb_og.png\",\"contentUrl\":\"https:\\\/\\\/www.comicdom-con.gr\\\/en\\\/wp-content\\\/uploads\\\/2016\\\/04\\\/logo_comicdom_con_fb_og.png\",\"width\":320,\"height\":320,\"caption\":\"Comicdom Con Athens\"},\"image\":{\"@id\":\"https:\\\/\\\/www.comicdom-con.gr\\\/en\\\/#\\\/schema\\\/logo\\\/image\\\/\"},\"sameAs\":[\"https:\\\/\\\/www.facebook.com\\\/Comicdom\\\/\",\"https:\\\/\\\/x.com\\\/comicdom\"]}]}<\/script>\n<!-- \/ Yoast SEO plugin. -->","yoast_head_json":{"title":"Comicdom Con Athens 2014 - Comicdom Con Athens","robots":{"index":"index","follow":"follow","max-snippet":"max-snippet:-1","max-image-preview":"max-image-preview:large","max-video-preview":"max-video-preview:-1"},"canonical":"https:\/\/www.comicdom-con.gr\/en\/about\/history\/comicdom-con-athens-2014\/","og_locale":"en_US","og_type":"article","og_title":"Comicdom Con Athens 2014 - Comicdom Con Athens","og_description":"Comics are considered the 9th Art, and as this was, in fact, our 9th event, we had to have the number \u201cnine\u201d as our unofficial theme for that year. International guests of Comicdom Con Athens 2014 included acclaimed Spanish writer Enrique S\u00e1nchez Abul\u00ed, co-creator of the popular TORPEDO 1936, Eisner Award-winning British artist Glenn Fabry, [&hellip;]","og_url":"https:\/\/www.comicdom-con.gr\/en\/about\/history\/comicdom-con-athens-2014\/","og_site_name":"Comicdom Con Athens","article_publisher":"https:\/\/www.facebook.com\/Comicdom\/","article_modified_time":"2016-01-21T14:02:44+00:00","og_image":[{"width":320,"height":320,"url":"https:\/\/www.comicdom-con.gr\/en\/wp-content\/uploads\/2016\/04\/logo_comicdom_con_fb_og.png","type":"image\/png"}],"twitter_card":"summary_large_image","twitter_site":"@comicdom","twitter_misc":{"Est. reading time":"2 minutes"},"schema":{"@context":"https:\/\/schema.org","@graph":[{"@type":"WebPage","@id":"https:\/\/www.comicdom-con.gr\/en\/about\/history\/comicdom-con-athens-2014\/","url":"https:\/\/www.comicdom-con.gr\/en\/about\/history\/comicdom-con-athens-2014\/","name":"Comicdom Con Athens 2014 - Comicdom Con Athens","isPartOf":{"@id":"https:\/\/www.comicdom-con.gr\/en\/#website"},"datePublished":"2016-01-20T23:30:26+00:00","dateModified":"2016-01-21T14:02:44+00:00","breadcrumb":{"@id":"https:\/\/www.comicdom-con.gr\/en\/about\/history\/comicdom-con-athens-2014\/#breadcrumb"},"inLanguage":"en-US","potentialAction":[{"@type":"ReadAction","target":["https:\/\/www.comicdom-con.gr\/en\/about\/history\/comicdom-con-athens-2014\/"]}]},{"@type":"BreadcrumbList","@id":"https:\/\/www.comicdom-con.gr\/en\/about\/history\/comicdom-con-athens-2014\/#breadcrumb","itemListElement":[{"@type":"ListItem","position":1,"name":"Home","item":"https:\/\/www.comicdom-con.gr\/en\/"},{"@type":"ListItem","position":2,"name":"About us","item":"https:\/\/www.comicdom-con.gr\/en\/about\/"},{"@type":"ListItem","position":3,"name":"History","item":"https:\/\/www.comicdom-con.gr\/en\/about\/history\/"},{"@type":"ListItem","position":4,"name":"Comicdom Con Athens 2014"}]},{"@type":"WebSite","@id":"https:\/\/www.comicdom-con.gr\/en\/#website","url":"https:\/\/www.comicdom-con.gr\/en\/","name":"Comicdom Con Athens","description":"A Comics Convention in Athens, Greece!","publisher":{"@id":"https:\/\/www.comicdom-con.gr\/en\/#organization"},"potentialAction":[{"@type":"SearchAction","target":{"@type":"EntryPoint","urlTemplate":"https:\/\/www.comicdom-con.gr\/en\/?s={search_term_string}"},"query-input":{"@type":"PropertyValueSpecification","valueRequired":true,"valueName":"search_term_string"}}],"inLanguage":"en-US"},{"@type":"Organization","@id":"https:\/\/www.comicdom-con.gr\/en\/#organization","name":"Comicdom Con Athens","url":"https:\/\/www.comicdom-con.gr\/en\/","logo":{"@type":"ImageObject","inLanguage":"en-US","@id":"https:\/\/www.comicdom-con.gr\/en\/#\/schema\/logo\/image\/","url":"https:\/\/www.comicdom-con.gr\/en\/wp-content\/uploads\/2016\/04\/logo_comicdom_con_fb_og.png","contentUrl":"https:\/\/www.comicdom-con.gr\/en\/wp-content\/uploads\/2016\/04\/logo_comicdom_con_fb_og.png","width":320,"height":320,"caption":"Comicdom Con Athens"},"image":{"@id":"https:\/\/www.comicdom-con.gr\/en\/#\/schema\/logo\/image\/"},"sameAs":["https:\/\/www.facebook.com\/Comicdom\/","https:\/\/x.com\/comicdom"]}]}},"_links":{"self":[{"href":"https:\/\/www.comicdom-con.gr\/en\/wp-json\/wp\/v2\/pages\/4805","targetHints":{"allow":["GET"]}}],"collection":[{"href":"https:\/\/www.comicdom-con.gr\/en\/wp-json\/wp\/v2\/pages"}],"about":[{"href":"https:\/\/www.comicdom-con.gr\/en\/wp-json\/wp\/v2\/types\/page"}],"author":[{"embeddable":true,"href":"https:\/\/www.comicdom-con.gr\/en\/wp-json\/wp\/v2\/users\/3"}],"replies":[{"embeddable":true,"href":"https:\/\/www.comicdom-con.gr\/en\/wp-json\/wp\/v2\/comments?post=4805"}],"version-history":[{"count":2,"href":"https:\/\/www.comicdom-con.gr\/en\/wp-json\/wp\/v2\/pages\/4805\/revisions"}],"predecessor-version":[{"id":4807,"href":"https:\/\/www.comicdom-con.gr\/en\/wp-json\/wp\/v2\/pages\/4805\/revisions\/4807"}],"up":[{"embeddable":true,"href":"https:\/\/www.comicdom-con.gr\/en\/wp-json\/wp\/v2\/pages\/17"}],"wp:attachment":[{"href":"https:\/\/www.comicdom-con.gr\/en\/wp-json\/wp\/v2\/media?parent=4805"}],"curies":[{"name":"wp","href":"https:\/\/api.w.org\/{rel}","templated":true}]}}